{"id":281,"date":"2015-11-03T02:13:02","date_gmt":"2015-11-03T02:13:02","guid":{"rendered":"http:\/\/www.tmsdesarrolladores.com\/pedropalma\/?page_id=281"},"modified":"2018-03-24T21:03:26","modified_gmt":"2018-03-25T01:33:26","slug":"resumen-curricular","status":"publish","type":"page","link":"https:\/\/pedroapalma.com\/site\/resumen-curricular\/","title":{"rendered":"Resumen Curricular"},"content":{"rendered":"<h2 class=\"info-title\">Espa\u00f1ol<\/h2>\n<p>Profesor Em\u00e9rito del Instituto de Estudios Superiores de Administraci\u00f3n (IESA). Profesor Titular de Econom\u00eda del IESA (1982-2015). Socio Fundador de Metro Econ\u00f3mica, firma de consultor\u00eda econ\u00f3mica basada en Caracas, creada en 1977 y que se fusion\u00f3 con la empresa de consultor\u00eda Ecoanal\u00edtica en 2010, organizaci\u00f3n de la que es Director. Miembro del Proyecto Link, grupo internacional de economistas auspiciado por las Naciones Unidas y por la Universidad de Pennsylvania que analiza peri\u00f3dicamente las perspectivas econ\u00f3micas mundiales. Ex Vicepresidente (socio) de Booz\u2502Allen \u2502Hamilton (1991-1997). Ha sido miembro de las juntas directivas de varias organizaciones venezolanas y extranjeras, incluyendo la C\u00e1mara Venezolano-Americana de Industria y Comercio (VenAmCham), organizaci\u00f3n de la que fue presidente en el per\u00edodo 2000-2002. Ex Miembro Fundador del \u201cExecutive Board for Latin America\u201d de la Escuela Wharton (1994-2014). Individuo de N\u00famero Fundador de la Academia Nacional de Ciencias Econ\u00f3micas de Venezuela (desde 1984), organizaci\u00f3n de la que fue Presidente en el per\u00edodo 2009-2011.<\/p>\n<p>El Sr. Palma es economista egresado de la Universidad Cat\u00f3lica Andr\u00e9s Bello, con Maestr\u00eda en Administraci\u00f3n de Negocios (M.B.A.) de la Escuela Wharton de la Universidad de Pennsylvania, donde tambi\u00e9n obtuvo el Master (M.A.)\u00a0y el Doctorado (Ph.D.) en Econom\u00eda.<\/p>\n<p>&nbsp;<\/p>\n<h2 class=\"info-title\">English<\/h2>\n<p>Professor Emeritus at IESA, a Venezuelan graduate business school. Professor of Economics at IESA (1982-2015). Founding Partner of MetroEcon\u00f3mica, a firm of economic consultants based in Caracas, founded in 1977 and recently merged with Ecoanal\u00edtica. He is a member of Project Link, an international team of economists sponsored by the United Nations and the University of Pennsylvania, which periodically analyzes the evolution of the world economic outlook. He was a Vice President (partner) of Booz\u2502Allen\u2502Hamilton Inc. (1991-1997), and has served on the Boards of Directors of several Venezuelan and international organizations, including the Venezuelan-American Chamber of Commerce and Industry, VenAmCham, one of the largest AmChams in Latin America, over which he presided during the years 2000 and 2001. For over 20 years he served as a founder member of the Executive Board for Latin America of The Wharton School of the University of Pennsylvania (1994-2014). He is a founder fellow and past president of the National Academy of Economic Sciences of Venezuela.<\/p>\n<p>Mr. Palma has a degree in Economics from Universidad Cat\u00f3lica Andres Bello in Caracas, as well as an M.B.A. from The Wharton School of the University of Pennsylvania, where he also earned an M.A. and the Ph.D. in Economics.<\/p>\n","protected":false},"excerpt":{"rendered":"<p>Espa\u00f1ol Profesor Em\u00e9rito del Instituto de Estudios Superiores de Administraci\u00f3n (IESA). Profesor Titular de Econom\u00eda del IESA (1982-2015). Socio Fundador de Metro Econ\u00f3mica, firma de consultor\u00eda econ\u00f3mica basada en Caracas, creada en 1977 y que se fusion\u00f3 con la empresa de consultor\u00eda Ecoanal\u00edtica en 2010, organizaci\u00f3n de la que es Director. Miembro del Proyecto Link, &hellip;<\/p>\n","protected":false},"author":1,"featured_media":4168,"parent":0,"menu_order":0,"comment_status":"closed","ping_status":"closed","template":"template-resumen.php","meta":{"footnotes":""},"class_list":["post-281","page","type-page","status-publish","has-post-thumbnail","hentry"],"yoast_head":"<!-- This site is optimized with the Yoast SEO plugin v27.4 - https:\/\/yoast.com\/product\/yoast-seo-wordpress\/ -->\n<title>Resumen Curricular - Pedro A. Palma<\/title>\n<meta name=\"robots\" content=\"index, follow, max-snippet:-1, max-image-preview:large, max-video-preview:-1\" \/>\n<link rel=\"canonical\" href=\"https:\/\/pedroapalma.com\/site\/resumen-curricular\/\" \/>\n<meta property=\"og:locale\" content=\"es_ES\" \/>\n<meta property=\"og:type\" content=\"article\" \/>\n<meta property=\"og:title\" content=\"Resumen Curricular - Pedro A. Palma\" \/>\n<meta property=\"og:description\" content=\"Espa\u00f1ol Profesor Em\u00e9rito del Instituto de Estudios Superiores de Administraci\u00f3n (IESA). Profesor Titular de Econom\u00eda del IESA (1982-2015). Socio Fundador de Metro Econ\u00f3mica, firma de consultor\u00eda econ\u00f3mica basada en Caracas, creada en 1977 y que se fusion\u00f3 con la empresa de consultor\u00eda Ecoanal\u00edtica en 2010, organizaci\u00f3n de la que es Director. Miembro del Proyecto Link, &hellip;\" \/>\n<meta property=\"og:url\" content=\"https:\/\/pedroapalma.com\/site\/resumen-curricular\/\" \/>\n<meta property=\"og:site_name\" content=\"Pedro A. Palma\" \/>\n<meta property=\"article:modified_time\" content=\"2018-03-25T01:33:26+00:00\" \/>\n<meta property=\"og:image\" content=\"https:\/\/pedroapalma.com\/site\/wp-content\/uploads\/2015\/07\/Banner-about.jpg\" \/>\n\t<meta property=\"og:image:width\" content=\"1140\" \/>\n\t<meta property=\"og:image:height\" content=\"330\" \/>\n\t<meta property=\"og:image:type\" content=\"image\/jpeg\" \/>\n<meta name=\"twitter:card\" content=\"summary_large_image\" \/>\n<meta name=\"twitter:label1\" content=\"Tiempo de lectura\" \/>\n\t<meta name=\"twitter:data1\" content=\"2 minutos\" \/>\n<script type=\"application\/ld+json\" class=\"yoast-schema-graph\">{\"@context\":\"https:\\\/\\\/schema.org\",\"@graph\":[{\"@type\":\"WebPage\",\"@id\":\"https:\\\/\\\/pedroapalma.com\\\/site\\\/resumen-curricular\\\/\",\"url\":\"https:\\\/\\\/pedroapalma.com\\\/site\\\/resumen-curricular\\\/\",\"name\":\"Resumen Curricular - Pedro A. Palma\",\"isPartOf\":{\"@id\":\"https:\\\/\\\/pedroapalma.com\\\/site\\\/#website\"},\"primaryImageOfPage\":{\"@id\":\"https:\\\/\\\/pedroapalma.com\\\/site\\\/resumen-curricular\\\/#primaryimage\"},\"image\":{\"@id\":\"https:\\\/\\\/pedroapalma.com\\\/site\\\/resumen-curricular\\\/#primaryimage\"},\"thumbnailUrl\":\"https:\\\/\\\/pedroapalma.com\\\/site\\\/wp-content\\\/uploads\\\/2015\\\/07\\\/Banner-about.jpg\",\"datePublished\":\"2015-11-03T02:13:02+00:00\",\"dateModified\":\"2018-03-25T01:33:26+00:00\",\"breadcrumb\":{\"@id\":\"https:\\\/\\\/pedroapalma.com\\\/site\\\/resumen-curricular\\\/#breadcrumb\"},\"inLanguage\":\"es\",\"potentialAction\":[{\"@type\":\"ReadAction\",\"target\":[\"https:\\\/\\\/pedroapalma.com\\\/site\\\/resumen-curricular\\\/\"]}]},{\"@type\":\"ImageObject\",\"inLanguage\":\"es\",\"@id\":\"https:\\\/\\\/pedroapalma.com\\\/site\\\/resumen-curricular\\\/#primaryimage\",\"url\":\"https:\\\/\\\/pedroapalma.com\\\/site\\\/wp-content\\\/uploads\\\/2015\\\/07\\\/Banner-about.jpg\",\"contentUrl\":\"https:\\\/\\\/pedroapalma.com\\\/site\\\/wp-content\\\/uploads\\\/2015\\\/07\\\/Banner-about.jpg\",\"width\":1140,\"height\":330},{\"@type\":\"BreadcrumbList\",\"@id\":\"https:\\\/\\\/pedroapalma.com\\\/site\\\/resumen-curricular\\\/#breadcrumb\",\"itemListElement\":[{\"@type\":\"ListItem\",\"position\":1,\"name\":\"Portada\",\"item\":\"https:\\\/\\\/pedroapalma.com\\\/site\\\/\"},{\"@type\":\"ListItem\",\"position\":2,\"name\":\"Resumen Curricular\"}]},{\"@type\":\"WebSite\",\"@id\":\"https:\\\/\\\/pedroapalma.com\\\/site\\\/#website\",\"url\":\"https:\\\/\\\/pedroapalma.com\\\/site\\\/\",\"name\":\"Pedro A. Palma\",\"description\":\"Economista\",\"potentialAction\":[{\"@type\":\"SearchAction\",\"target\":{\"@type\":\"EntryPoint\",\"urlTemplate\":\"https:\\\/\\\/pedroapalma.com\\\/site\\\/?s={search_term_string}\"},\"query-input\":{\"@type\":\"PropertyValueSpecification\",\"valueRequired\":true,\"valueName\":\"search_term_string\"}}],\"inLanguage\":\"es\"}]}<\/script>\n<!-- \/ Yoast SEO plugin. -->","yoast_head_json":{"title":"Resumen Curricular - Pedro A. Palma","robots":{"index":"index","follow":"follow","max-snippet":"max-snippet:-1","max-image-preview":"max-image-preview:large","max-video-preview":"max-video-preview:-1"},"canonical":"https:\/\/pedroapalma.com\/site\/resumen-curricular\/","og_locale":"es_ES","og_type":"article","og_title":"Resumen Curricular - Pedro A. Palma","og_description":"Espa\u00f1ol Profesor Em\u00e9rito del Instituto de Estudios Superiores de Administraci\u00f3n (IESA). Profesor Titular de Econom\u00eda del IESA (1982-2015). Socio Fundador de Metro Econ\u00f3mica, firma de consultor\u00eda econ\u00f3mica basada en Caracas, creada en 1977 y que se fusion\u00f3 con la empresa de consultor\u00eda Ecoanal\u00edtica en 2010, organizaci\u00f3n de la que es Director. Miembro del Proyecto Link, &hellip;","og_url":"https:\/\/pedroapalma.com\/site\/resumen-curricular\/","og_site_name":"Pedro A. Palma","article_modified_time":"2018-03-25T01:33:26+00:00","og_image":[{"width":1140,"height":330,"url":"https:\/\/pedroapalma.com\/site\/wp-content\/uploads\/2015\/07\/Banner-about.jpg","type":"image\/jpeg"}],"twitter_card":"summary_large_image","twitter_misc":{"Tiempo de lectura":"2 minutos"},"schema":{"@context":"https:\/\/schema.org","@graph":[{"@type":"WebPage","@id":"https:\/\/pedroapalma.com\/site\/resumen-curricular\/","url":"https:\/\/pedroapalma.com\/site\/resumen-curricular\/","name":"Resumen Curricular - Pedro A. Palma","isPartOf":{"@id":"https:\/\/pedroapalma.com\/site\/#website"},"primaryImageOfPage":{"@id":"https:\/\/pedroapalma.com\/site\/resumen-curricular\/#primaryimage"},"image":{"@id":"https:\/\/pedroapalma.com\/site\/resumen-curricular\/#primaryimage"},"thumbnailUrl":"https:\/\/pedroapalma.com\/site\/wp-content\/uploads\/2015\/07\/Banner-about.jpg","datePublished":"2015-11-03T02:13:02+00:00","dateModified":"2018-03-25T01:33:26+00:00","breadcrumb":{"@id":"https:\/\/pedroapalma.com\/site\/resumen-curricular\/#breadcrumb"},"inLanguage":"es","potentialAction":[{"@type":"ReadAction","target":["https:\/\/pedroapalma.com\/site\/resumen-curricular\/"]}]},{"@type":"ImageObject","inLanguage":"es","@id":"https:\/\/pedroapalma.com\/site\/resumen-curricular\/#primaryimage","url":"https:\/\/pedroapalma.com\/site\/wp-content\/uploads\/2015\/07\/Banner-about.jpg","contentUrl":"https:\/\/pedroapalma.com\/site\/wp-content\/uploads\/2015\/07\/Banner-about.jpg","width":1140,"height":330},{"@type":"BreadcrumbList","@id":"https:\/\/pedroapalma.com\/site\/resumen-curricular\/#breadcrumb","itemListElement":[{"@type":"ListItem","position":1,"name":"Portada","item":"https:\/\/pedroapalma.com\/site\/"},{"@type":"ListItem","position":2,"name":"Resumen Curricular"}]},{"@type":"WebSite","@id":"https:\/\/pedroapalma.com\/site\/#website","url":"https:\/\/pedroapalma.com\/site\/","name":"Pedro A. Palma","description":"Economista","potentialAction":[{"@type":"SearchAction","target":{"@type":"EntryPoint","urlTemplate":"https:\/\/pedroapalma.com\/site\/?s={search_term_string}"},"query-input":{"@type":"PropertyValueSpecification","valueRequired":true,"valueName":"search_term_string"}}],"inLanguage":"es"}]}},"_links":{"self":[{"href":"https:\/\/pedroapalma.com\/site\/wp-json\/wp\/v2\/pages\/281","targetHints":{"allow":["GET"]}}],"collection":[{"href":"https:\/\/pedroapalma.com\/site\/wp-json\/wp\/v2\/pages"}],"about":[{"href":"https:\/\/pedroapalma.com\/site\/wp-json\/wp\/v2\/types\/page"}],"author":[{"embeddable":true,"href":"https:\/\/pedroapalma.com\/site\/wp-json\/wp\/v2\/users\/1"}],"replies":[{"embeddable":true,"href":"https:\/\/pedroapalma.com\/site\/wp-json\/wp\/v2\/comments?post=281"}],"version-history":[{"count":8,"href":"https:\/\/pedroapalma.com\/site\/wp-json\/wp\/v2\/pages\/281\/revisions"}],"predecessor-version":[{"id":302,"href":"https:\/\/pedroapalma.com\/site\/wp-json\/wp\/v2\/pages\/281\/revisions\/302"}],"wp:featuredmedia":[{"embeddable":true,"href":"https:\/\/pedroapalma.com\/site\/wp-json\/wp\/v2\/media\/4168"}],"wp:attachment":[{"href":"https:\/\/pedroapalma.com\/site\/wp-json\/wp\/v2\/media?parent=281"}],"curies":[{"name":"wp","href":"https:\/\/api.w.org\/{rel}","templated":true}]}}