{"id":10,"date":"2015-06-24T19:40:48","date_gmt":"2015-06-24T19:40:48","guid":{"rendered":"http:\/\/www.tmsdesarrolladores.com\/pedropalma\/?page_id=10"},"modified":"2018-03-24T21:58:20","modified_gmt":"2018-03-25T02:28:20","slug":"inicio","status":"publish","type":"page","link":"https:\/\/pedroapalma.com\/site\/","title":{"rendered":"Inicio"},"content":{"rendered":"<h1>Economista venezolano especializado en las \u00e1reas de macroeconom\u00eda, y de econom\u00eda venezolana y regional.<\/h1>\n<p><em>Profesor Em\u00e9rito del Instituto de Estudios Superiores de Administraci\u00f3n (IESA). Socio Fundador de MetroEcon\u00f3mica (1977), organizaci\u00f3n que se fusion\u00f3 con Ecoanal\u00edtica en 2010. Director de Ecoanal\u00edtica. Individuo de N\u00famero Fundador y expresidente de la Academia Nacional de Ciencias Econ\u00f3micas de Venezuela.<\/em><\/p>\n","protected":false},"excerpt":{"rendered":"<p>Economista venezolano especializado en las \u00e1reas de macroeconom\u00eda, y de econom\u00eda venezolana y regional. Profesor Em\u00e9rito del Instituto de Estudios Superiores de Administraci\u00f3n (IESA). Socio Fundador de MetroEcon\u00f3mica (1977), organizaci\u00f3n que se fusion\u00f3 con Ecoanal\u00edtica en 2010. Director de Ecoanal\u00edtica. Individuo de N\u00famero Fundador y expresidente de la Academia Nacional de Ciencias Econ\u00f3micas de Venezuela.<\/p>\n","protected":false},"author":1,"featured_media":4170,"parent":0,"menu_order":0,"comment_status":"open","ping_status":"open","template":"template-home.php","meta":{"footnotes":""},"class_list":["post-10","page","type-page","status-publish","has-post-thumbnail","hentry"],"yoast_head":"<!-- This site is optimized with the Yoast SEO plugin v27.4 - https:\/\/yoast.com\/product\/yoast-seo-wordpress\/ -->\n<title>Pedro A. Palma | Macroeconom\u00eda, econom\u00eda venezolana y regional<\/title>\n<meta name=\"description\" content=\"P\u00e1gina oficial de Pedro A. Palma, economista venezolano especializado en las \u00e1reas de macroeconom\u00eda, y de econom\u00eda venezolana y regional. Profesor Em\u00e9rito del (IESA). Trabajos, papers y art\u00edculos de opini\u00f3n\" \/>\n<meta name=\"robots\" content=\"index, follow, max-snippet:-1, max-image-preview:large, max-video-preview:-1\" \/>\n<link rel=\"canonical\" href=\"https:\/\/pedroapalma.com\/site\/\" \/>\n<meta property=\"og:locale\" content=\"es_ES\" \/>\n<meta property=\"og:type\" content=\"article\" \/>\n<meta property=\"og:title\" content=\"Pedro A. Palma | Macroeconom\u00eda, econom\u00eda venezolana y regional\" \/>\n<meta property=\"og:description\" content=\"P\u00e1gina oficial de Pedro A. Palma, economista venezolano especializado en las \u00e1reas de macroeconom\u00eda, y de econom\u00eda venezolana y regional. Profesor Em\u00e9rito del (IESA). Trabajos, papers y art\u00edculos de opini\u00f3n\" \/>\n<meta property=\"og:url\" content=\"https:\/\/pedroapalma.com\/site\/\" \/>\n<meta property=\"og:site_name\" content=\"Pedro A. Palma\" \/>\n<meta property=\"article:modified_time\" content=\"2018-03-25T02:28:20+00:00\" \/>\n<meta property=\"og:image\" content=\"https:\/\/pedroapalma.com\/site\/wp-content\/uploads\/2016\/07\/Banner-home.jpg\" \/>\n\t<meta property=\"og:image:width\" content=\"1140\" \/>\n\t<meta property=\"og:image:height\" content=\"450\" \/>\n\t<meta property=\"og:image:type\" content=\"image\/jpeg\" \/>\n<meta name=\"twitter:card\" content=\"summary_large_image\" \/>\n<script type=\"application\/ld+json\" class=\"yoast-schema-graph\">{\"@context\":\"https:\\\/\\\/schema.org\",\"@graph\":[{\"@type\":\"WebPage\",\"@id\":\"https:\\\/\\\/pedroapalma.com\\\/site\\\/\",\"url\":\"https:\\\/\\\/pedroapalma.com\\\/site\\\/\",\"name\":\"Pedro A. Palma | Macroeconom\u00eda, econom\u00eda venezolana y regional\",\"isPartOf\":{\"@id\":\"https:\\\/\\\/pedroapalma.com\\\/site\\\/#website\"},\"primaryImageOfPage\":{\"@id\":\"https:\\\/\\\/pedroapalma.com\\\/site\\\/#primaryimage\"},\"image\":{\"@id\":\"https:\\\/\\\/pedroapalma.com\\\/site\\\/#primaryimage\"},\"thumbnailUrl\":\"https:\\\/\\\/pedroapalma.com\\\/site\\\/wp-content\\\/uploads\\\/2016\\\/07\\\/Banner-home.jpg\",\"datePublished\":\"2015-06-24T19:40:48+00:00\",\"dateModified\":\"2018-03-25T02:28:20+00:00\",\"description\":\"P\u00e1gina oficial de Pedro A. Palma, economista venezolano especializado en las \u00e1reas de macroeconom\u00eda, y de econom\u00eda venezolana y regional. Profesor Em\u00e9rito del (IESA). Trabajos, papers y art\u00edculos de opini\u00f3n\",\"breadcrumb\":{\"@id\":\"https:\\\/\\\/pedroapalma.com\\\/site\\\/#breadcrumb\"},\"inLanguage\":\"es\",\"potentialAction\":[{\"@type\":\"ReadAction\",\"target\":[\"https:\\\/\\\/pedroapalma.com\\\/site\\\/\"]}]},{\"@type\":\"ImageObject\",\"inLanguage\":\"es\",\"@id\":\"https:\\\/\\\/pedroapalma.com\\\/site\\\/#primaryimage\",\"url\":\"https:\\\/\\\/pedroapalma.com\\\/site\\\/wp-content\\\/uploads\\\/2016\\\/07\\\/Banner-home.jpg\",\"contentUrl\":\"https:\\\/\\\/pedroapalma.com\\\/site\\\/wp-content\\\/uploads\\\/2016\\\/07\\\/Banner-home.jpg\",\"width\":1140,\"height\":450,\"caption\":\"Economista venezolano especializado en las \u00e1reas de macroeconom\u00eda, econom\u00eda venezolana y regional\"},{\"@type\":\"BreadcrumbList\",\"@id\":\"https:\\\/\\\/pedroapalma.com\\\/site\\\/#breadcrumb\",\"itemListElement\":[{\"@type\":\"ListItem\",\"position\":1,\"name\":\"Portada\",\"item\":\"https:\\\/\\\/pedroapalma.com\\\/site\\\/\"},{\"@type\":\"ListItem\",\"position\":2,\"name\":\"Inicio\"}]},{\"@type\":\"WebSite\",\"@id\":\"https:\\\/\\\/pedroapalma.com\\\/site\\\/#website\",\"url\":\"https:\\\/\\\/pedroapalma.com\\\/site\\\/\",\"name\":\"Pedro A. Palma\",\"description\":\"Economista\",\"potentialAction\":[{\"@type\":\"SearchAction\",\"target\":{\"@type\":\"EntryPoint\",\"urlTemplate\":\"https:\\\/\\\/pedroapalma.com\\\/site\\\/?s={search_term_string}\"},\"query-input\":{\"@type\":\"PropertyValueSpecification\",\"valueRequired\":true,\"valueName\":\"search_term_string\"}}],\"inLanguage\":\"es\"}]}<\/script>\n<!-- \/ Yoast SEO plugin. -->","yoast_head_json":{"title":"Pedro A. Palma | Macroeconom\u00eda, econom\u00eda venezolana y regional","description":"P\u00e1gina oficial de Pedro A. Palma, economista venezolano especializado en las \u00e1reas de macroeconom\u00eda, y de econom\u00eda venezolana y regional. Profesor Em\u00e9rito del (IESA). Trabajos, papers y art\u00edculos de opini\u00f3n","robots":{"index":"index","follow":"follow","max-snippet":"max-snippet:-1","max-image-preview":"max-image-preview:large","max-video-preview":"max-video-preview:-1"},"canonical":"https:\/\/pedroapalma.com\/site\/","og_locale":"es_ES","og_type":"article","og_title":"Pedro A. Palma | Macroeconom\u00eda, econom\u00eda venezolana y regional","og_description":"P\u00e1gina oficial de Pedro A. Palma, economista venezolano especializado en las \u00e1reas de macroeconom\u00eda, y de econom\u00eda venezolana y regional. Profesor Em\u00e9rito del (IESA). Trabajos, papers y art\u00edculos de opini\u00f3n","og_url":"https:\/\/pedroapalma.com\/site\/","og_site_name":"Pedro A. Palma","article_modified_time":"2018-03-25T02:28:20+00:00","og_image":[{"width":1140,"height":450,"url":"https:\/\/pedroapalma.com\/site\/wp-content\/uploads\/2016\/07\/Banner-home.jpg","type":"image\/jpeg"}],"twitter_card":"summary_large_image","schema":{"@context":"https:\/\/schema.org","@graph":[{"@type":"WebPage","@id":"https:\/\/pedroapalma.com\/site\/","url":"https:\/\/pedroapalma.com\/site\/","name":"Pedro A. Palma | Macroeconom\u00eda, econom\u00eda venezolana y regional","isPartOf":{"@id":"https:\/\/pedroapalma.com\/site\/#website"},"primaryImageOfPage":{"@id":"https:\/\/pedroapalma.com\/site\/#primaryimage"},"image":{"@id":"https:\/\/pedroapalma.com\/site\/#primaryimage"},"thumbnailUrl":"https:\/\/pedroapalma.com\/site\/wp-content\/uploads\/2016\/07\/Banner-home.jpg","datePublished":"2015-06-24T19:40:48+00:00","dateModified":"2018-03-25T02:28:20+00:00","description":"P\u00e1gina oficial de Pedro A. Palma, economista venezolano especializado en las \u00e1reas de macroeconom\u00eda, y de econom\u00eda venezolana y regional. Profesor Em\u00e9rito del (IESA). Trabajos, papers y art\u00edculos de opini\u00f3n","breadcrumb":{"@id":"https:\/\/pedroapalma.com\/site\/#breadcrumb"},"inLanguage":"es","potentialAction":[{"@type":"ReadAction","target":["https:\/\/pedroapalma.com\/site\/"]}]},{"@type":"ImageObject","inLanguage":"es","@id":"https:\/\/pedroapalma.com\/site\/#primaryimage","url":"https:\/\/pedroapalma.com\/site\/wp-content\/uploads\/2016\/07\/Banner-home.jpg","contentUrl":"https:\/\/pedroapalma.com\/site\/wp-content\/uploads\/2016\/07\/Banner-home.jpg","width":1140,"height":450,"caption":"Economista venezolano especializado en las \u00e1reas de macroeconom\u00eda, econom\u00eda venezolana y regional"},{"@type":"BreadcrumbList","@id":"https:\/\/pedroapalma.com\/site\/#breadcrumb","itemListElement":[{"@type":"ListItem","position":1,"name":"Portada","item":"https:\/\/pedroapalma.com\/site\/"},{"@type":"ListItem","position":2,"name":"Inicio"}]},{"@type":"WebSite","@id":"https:\/\/pedroapalma.com\/site\/#website","url":"https:\/\/pedroapalma.com\/site\/","name":"Pedro A. Palma","description":"Economista","potentialAction":[{"@type":"SearchAction","target":{"@type":"EntryPoint","urlTemplate":"https:\/\/pedroapalma.com\/site\/?s={search_term_string}"},"query-input":{"@type":"PropertyValueSpecification","valueRequired":true,"valueName":"search_term_string"}}],"inLanguage":"es"}]}},"_links":{"self":[{"href":"https:\/\/pedroapalma.com\/site\/wp-json\/wp\/v2\/pages\/10","targetHints":{"allow":["GET"]}}],"collection":[{"href":"https:\/\/pedroapalma.com\/site\/wp-json\/wp\/v2\/pages"}],"about":[{"href":"https:\/\/pedroapalma.com\/site\/wp-json\/wp\/v2\/types\/page"}],"author":[{"embeddable":true,"href":"https:\/\/pedroapalma.com\/site\/wp-json\/wp\/v2\/users\/1"}],"replies":[{"embeddable":true,"href":"https:\/\/pedroapalma.com\/site\/wp-json\/wp\/v2\/comments?post=10"}],"version-history":[{"count":11,"href":"https:\/\/pedroapalma.com\/site\/wp-json\/wp\/v2\/pages\/10\/revisions"}],"predecessor-version":[{"id":214,"href":"https:\/\/pedroapalma.com\/site\/wp-json\/wp\/v2\/pages\/10\/revisions\/214"}],"wp:featuredmedia":[{"embeddable":true,"href":"https:\/\/pedroapalma.com\/site\/wp-json\/wp\/v2\/media\/4170"}],"wp:attachment":[{"href":"https:\/\/pedroapalma.com\/site\/wp-json\/wp\/v2\/media?parent=10"}],"curies":[{"name":"wp","href":"https:\/\/api.w.org\/{rel}","templated":true}]}}